{"id":319,"date":"2023-03-11T00:27:23","date_gmt":"2023-03-11T00:27:23","guid":{"rendered":"https:\/\/foco74.com\/test\/barletta\/?post_type=product&#038;p=319"},"modified":"2025-06-28T09:27:35","modified_gmt":"2025-06-28T14:27:35","slug":"pastel-tipo-brownie-fast-pan-taper-12-und","status":"publish","type":"product","link":"https:\/\/barletta.pe\/barletta\/producto\/pastel-tipo-brownie-fast-pan-taper-12-und\/","title":{"rendered":"Pastel tipo Brownie Fast Pan Taper 12 und."},"content":{"rendered":"<p data-start=\"298\" data-end=\"569\">El <strong data-start=\"301\" data-end=\"333\">Pastel tipo Brownie Fast Pan<\/strong> es una propuesta deliciosa, con un sabor intenso a cacao y una textura h\u00fameda que conquista desde el primer bocado. Elaborado para quienes disfrutan los postres con car\u00e1cter, combina suavidad, dulzura y ese toque cl\u00e1sico del chocolate.<\/p>\n<p data-start=\"571\" data-end=\"865\">Viene en una <strong data-start=\"584\" data-end=\"633\">presentaci\u00f3n pr\u00e1ctica de 12 unidades en taper<\/strong>, ideal para negocios, coffee breaks, loncheras o compartir en casa sin complicaciones. Cada porci\u00f3n est\u00e1 lista para servirse, conservando su frescura y sabor.<br data-start=\"792\" data-end=\"795\" \/>\u2728 <em data-start=\"797\" data-end=\"865\">Un pastel pr\u00e1ctico, chocolatoso y perfecto para cualquier ocasi\u00f3n.<\/em><\/p>\n","protected":false},"excerpt":{"rendered":"<p data-start=\"915\" data-end=\"1102\">\ud83c\udf6b\ud83d\udc9b <strong data-start=\"920\" data-end=\"953\">\u00a1Pura tentaci\u00f3n de chocolate!<\/strong><br data-start=\"953\" data-end=\"956\" \/>Nuestro <strong data-start=\"964\" data-end=\"996\">Pastel tipo Brownie Fast Pan<\/strong> viene en 12 porciones suaves, h\u00famedas y listas para disfrutar. Ideal para compartir o darte un gusto. \u2728\ud83c\udf82<\/p>\n","protected":false},"featured_media":1068,"template":"","meta":{"_monsterinsights_skip_tracking":false,"_monsterinsights_sitenote_active":false,"_monsterinsights_sitenote_note":"","_monsterinsights_sitenote_category":0,"site-sidebar-layout":"default","site-content-layout":"default","ast-site-content-layout":"default","site-content-style":"default","site-sidebar-style":"default","ast-global-header-display":"","ast-banner-title-visibility":"","ast-main-header-display":"","ast-hfb-above-header-display":"","ast-hfb-below-header-display":"","ast-hfb-mobile-header-display":"","site-post-title":"","ast-breadcrumbs-content":"","ast-featured-img":"","footer-sml-layout":"","theme-transparent-header-meta":"default","adv-header-id-meta":"","stick-header-meta":"","header-above-stick-meta":"","header-main-stick-meta":"","header-below-stick-meta":"","astra-migrate-meta-layouts":"set","ast-page-background-enabled":"default","ast-page-background-meta":{"desktop":{"background-color":"var(--ast-global-color-4)","background-image":"","background-repeat":"repeat","background-position":"center center","background-size":"auto","background-attachment":"scroll","background-type":"","background-media":"","overlay-type":"","overlay-color":"","overlay-opacity":"","overlay-gradient":""},"tablet":{"background-color":"","background-image":"","background-repeat":"repeat","background-position":"center center","background-size":"auto","background-attachment":"scroll","background-type":"","background-media":"","overlay-type":"","overlay-color":"","overlay-opacity":"","overlay-gradient":""},"mobile":{"background-color":"","background-image":"","background-repeat":"repeat","background-position":"center center","background-size":"auto","background-attachment":"scroll","background-type":"","background-media":"","overlay-type":"","overlay-color":"","overlay-opacity":"","overlay-gradient":""}},"ast-content-background-meta":{"desktop":{"background-color":"var(--ast-global-color-5)","background-image":"","background-repeat":"repeat","background-position":"center center","background-size":"auto","background-attachment":"scroll","background-type":"","background-media":"","overlay-type":"","overlay-color":"","overlay-opacity":"","overlay-gradient":""},"tablet":{"background-color":"var(--ast-global-color-5)","background-image":"","background-repeat":"repeat","background-position":"center center","background-size":"auto","background-attachment":"scroll","background-type":"","background-media":"","overlay-type":"","overlay-color":"","overlay-opacity":"","overlay-gradient":""},"mobile":{"background-color":"var(--ast-global-color-5)","background-image":"","background-repeat":"repeat","background-position":"center center","background-size":"auto","background-attachment":"scroll","background-type":"","background-media":"","overlay-type":"","overlay-color":"","overlay-opacity":"","overlay-gradient":""}},"_joinchat":[]},"pwb-brand":[44],"product_brand":[],"product_cat":[28,30],"product_tag":[],"class_list":{"0":"post-319","1":"product","2":"type-product","3":"status-publish","4":"has-post-thumbnail","6":"pwb-brand-fastpan","7":"product_cat-pasteleria","8":"product_cat-pasteles-y-postres-empacados","9":"desktop-align-left","10":"tablet-align-left","11":"mobile-align-left","13":"first","14":"instock","15":"shipping-taxable","16":"purchasable","17":"product-type-simple"},"yoast_head":"<!-- This site is optimized with the Yoast SEO plugin v26.9 - https:\/\/yoast.com\/product\/yoast-seo-wordpress\/ -->\n<title>Pastel tipo Brownie Fast Pan Taper 12 und. - Barletta<\/title>\n<meta name=\"robots\" content=\"index, follow, max-snippet:-1, max-image-preview:large, max-video-preview:-1\" \/>\n<link rel=\"canonical\" href=\"https:\/\/barletta.pe\/barletta\/producto\/pastel-tipo-brownie-fast-pan-taper-12-und\/\" \/>\n<meta property=\"og:locale\" content=\"es_ES\" \/>\n<meta property=\"og:type\" content=\"article\" \/>\n<meta property=\"og:title\" content=\"Pastel tipo Brownie Fast Pan Taper 12 und. - Barletta\" \/>\n<meta property=\"og:description\" content=\"\ud83c\udf6b\ud83d\udc9b \u00a1Pura tentaci\u00f3n de chocolate!Nuestro Pastel tipo Brownie Fast Pan viene en 12 porciones suaves, h\u00famedas y listas para disfrutar. Ideal para compartir o darte un gusto. \u2728\ud83c\udf82\" \/>\n<meta property=\"og:url\" content=\"https:\/\/barletta.pe\/barletta\/producto\/pastel-tipo-brownie-fast-pan-taper-12-und\/\" \/>\n<meta property=\"og:site_name\" content=\"Barletta\" \/>\n<meta property=\"article:publisher\" content=\"https:\/\/www.facebook.com\/barlettaperu\" \/>\n<meta property=\"article:modified_time\" content=\"2025-06-28T14:27:35+00:00\" \/>\n<meta property=\"og:image\" content=\"https:\/\/barletta.pe\/barletta\/wp-content\/uploads\/2023\/10\/Pastel-tipo-BROWNIE-copia.jpg\" \/>\n\t<meta property=\"og:image:width\" content=\"1280\" \/>\n\t<meta property=\"og:image:height\" content=\"1280\" \/>\n\t<meta property=\"og:image:type\" content=\"image\/jpeg\" \/>\n<meta name=\"twitter:card\" content=\"summary_large_image\" \/>\n<meta name=\"twitter:label1\" content=\"Tiempo de lectura\" \/>\n\t<meta name=\"twitter:data1\" content=\"1 minuto\" \/>\n<script type=\"application\/ld+json\" class=\"yoast-schema-graph\">{\"@context\":\"https:\/\/schema.org\",\"@graph\":[{\"@type\":\"WebPage\",\"@id\":\"https:\/\/barletta.pe\/barletta\/producto\/pastel-tipo-brownie-fast-pan-taper-12-und\/\",\"url\":\"https:\/\/barletta.pe\/barletta\/producto\/pastel-tipo-brownie-fast-pan-taper-12-und\/\",\"name\":\"Pastel tipo Brownie Fast Pan Taper 12 und. - Barletta\",\"isPartOf\":{\"@id\":\"https:\/\/barletta.pe\/barletta\/#website\"},\"primaryImageOfPage\":{\"@id\":\"https:\/\/barletta.pe\/barletta\/producto\/pastel-tipo-brownie-fast-pan-taper-12-und\/#primaryimage\"},\"image\":{\"@id\":\"https:\/\/barletta.pe\/barletta\/producto\/pastel-tipo-brownie-fast-pan-taper-12-und\/#primaryimage\"},\"thumbnailUrl\":\"https:\/\/barletta.pe\/barletta\/wp-content\/uploads\/2023\/10\/Pastel-tipo-BROWNIE-copia.jpg\",\"datePublished\":\"2023-03-11T00:27:23+00:00\",\"dateModified\":\"2025-06-28T14:27:35+00:00\",\"breadcrumb\":{\"@id\":\"https:\/\/barletta.pe\/barletta\/producto\/pastel-tipo-brownie-fast-pan-taper-12-und\/#breadcrumb\"},\"inLanguage\":\"es\",\"potentialAction\":[{\"@type\":\"ReadAction\",\"target\":[\"https:\/\/barletta.pe\/barletta\/producto\/pastel-tipo-brownie-fast-pan-taper-12-und\/\"]}]},{\"@type\":\"ImageObject\",\"inLanguage\":\"es\",\"@id\":\"https:\/\/barletta.pe\/barletta\/producto\/pastel-tipo-brownie-fast-pan-taper-12-und\/#primaryimage\",\"url\":\"https:\/\/barletta.pe\/barletta\/wp-content\/uploads\/2023\/10\/Pastel-tipo-BROWNIE-copia.jpg\",\"contentUrl\":\"https:\/\/barletta.pe\/barletta\/wp-content\/uploads\/2023\/10\/Pastel-tipo-BROWNIE-copia.jpg\",\"width\":1280,\"height\":1280},{\"@type\":\"BreadcrumbList\",\"@id\":\"https:\/\/barletta.pe\/barletta\/producto\/pastel-tipo-brownie-fast-pan-taper-12-und\/#breadcrumb\",\"itemListElement\":[{\"@type\":\"ListItem\",\"position\":1,\"name\":\"Portada\",\"item\":\"https:\/\/barletta.pe\/barletta\/\"},{\"@type\":\"ListItem\",\"position\":2,\"name\":\"Productos\",\"item\":\"https:\/\/barletta.pe\/barletta\/productos\/\"},{\"@type\":\"ListItem\",\"position\":3,\"name\":\"Pastel tipo Brownie Fast Pan Taper 12 und.\"}]},{\"@type\":\"WebSite\",\"@id\":\"https:\/\/barletta.pe\/barletta\/#website\",\"url\":\"https:\/\/barletta.pe\/barletta\/\",\"name\":\"Barletta\",\"description\":\"Productos y servicios para el sector alimentario\",\"publisher\":{\"@id\":\"https:\/\/barletta.pe\/barletta\/#organization\"},\"potentialAction\":[{\"@type\":\"SearchAction\",\"target\":{\"@type\":\"EntryPoint\",\"urlTemplate\":\"https:\/\/barletta.pe\/barletta\/?s={search_term_string}\"},\"query-input\":{\"@type\":\"PropertyValueSpecification\",\"valueRequired\":true,\"valueName\":\"search_term_string\"}}],\"inLanguage\":\"es\"},{\"@type\":\"Organization\",\"@id\":\"https:\/\/barletta.pe\/barletta\/#organization\",\"name\":\"Barletta\",\"url\":\"https:\/\/barletta.pe\/barletta\/\",\"logo\":{\"@type\":\"ImageObject\",\"inLanguage\":\"es\",\"@id\":\"https:\/\/barletta.pe\/barletta\/#\/schema\/logo\/image\/\",\"url\":\"https:\/\/barletta.pe\/barletta\/wp-content\/uploads\/2022\/08\/cropped-LOGO-BARLETTA.png\",\"contentUrl\":\"https:\/\/barletta.pe\/barletta\/wp-content\/uploads\/2022\/08\/cropped-LOGO-BARLETTA.png\",\"width\":82,\"height\":125,\"caption\":\"Barletta\"},\"image\":{\"@id\":\"https:\/\/barletta.pe\/barletta\/#\/schema\/logo\/image\/\"},\"sameAs\":[\"https:\/\/www.facebook.com\/barlettaperu\",\"https:\/\/www.instagram.com\/barlettaperuoficial\/\"]}]}<\/script>\n<!-- \/ Yoast SEO plugin. -->","yoast_head_json":{"title":"Pastel tipo Brownie Fast Pan Taper 12 und. - Barletta","robots":{"index":"index","follow":"follow","max-snippet":"max-snippet:-1","max-image-preview":"max-image-preview:large","max-video-preview":"max-video-preview:-1"},"canonical":"https:\/\/barletta.pe\/barletta\/producto\/pastel-tipo-brownie-fast-pan-taper-12-und\/","og_locale":"es_ES","og_type":"article","og_title":"Pastel tipo Brownie Fast Pan Taper 12 und. - Barletta","og_description":"\ud83c\udf6b\ud83d\udc9b \u00a1Pura tentaci\u00f3n de chocolate!Nuestro Pastel tipo Brownie Fast Pan viene en 12 porciones suaves, h\u00famedas y listas para disfrutar. Ideal para compartir o darte un gusto. \u2728\ud83c\udf82","og_url":"https:\/\/barletta.pe\/barletta\/producto\/pastel-tipo-brownie-fast-pan-taper-12-und\/","og_site_name":"Barletta","article_publisher":"https:\/\/www.facebook.com\/barlettaperu","article_modified_time":"2025-06-28T14:27:35+00:00","og_image":[{"width":1280,"height":1280,"url":"https:\/\/barletta.pe\/barletta\/wp-content\/uploads\/2023\/10\/Pastel-tipo-BROWNIE-copia.jpg","type":"image\/jpeg"}],"twitter_card":"summary_large_image","twitter_misc":{"Tiempo de lectura":"1 minuto"},"schema":{"@context":"https:\/\/schema.org","@graph":[{"@type":"WebPage","@id":"https:\/\/barletta.pe\/barletta\/producto\/pastel-tipo-brownie-fast-pan-taper-12-und\/","url":"https:\/\/barletta.pe\/barletta\/producto\/pastel-tipo-brownie-fast-pan-taper-12-und\/","name":"Pastel tipo Brownie Fast Pan Taper 12 und. - Barletta","isPartOf":{"@id":"https:\/\/barletta.pe\/barletta\/#website"},"primaryImageOfPage":{"@id":"https:\/\/barletta.pe\/barletta\/producto\/pastel-tipo-brownie-fast-pan-taper-12-und\/#primaryimage"},"image":{"@id":"https:\/\/barletta.pe\/barletta\/producto\/pastel-tipo-brownie-fast-pan-taper-12-und\/#primaryimage"},"thumbnailUrl":"https:\/\/barletta.pe\/barletta\/wp-content\/uploads\/2023\/10\/Pastel-tipo-BROWNIE-copia.jpg","datePublished":"2023-03-11T00:27:23+00:00","dateModified":"2025-06-28T14:27:35+00:00","breadcrumb":{"@id":"https:\/\/barletta.pe\/barletta\/producto\/pastel-tipo-brownie-fast-pan-taper-12-und\/#breadcrumb"},"inLanguage":"es","potentialAction":[{"@type":"ReadAction","target":["https:\/\/barletta.pe\/barletta\/producto\/pastel-tipo-brownie-fast-pan-taper-12-und\/"]}]},{"@type":"ImageObject","inLanguage":"es","@id":"https:\/\/barletta.pe\/barletta\/producto\/pastel-tipo-brownie-fast-pan-taper-12-und\/#primaryimage","url":"https:\/\/barletta.pe\/barletta\/wp-content\/uploads\/2023\/10\/Pastel-tipo-BROWNIE-copia.jpg","contentUrl":"https:\/\/barletta.pe\/barletta\/wp-content\/uploads\/2023\/10\/Pastel-tipo-BROWNIE-copia.jpg","width":1280,"height":1280},{"@type":"BreadcrumbList","@id":"https:\/\/barletta.pe\/barletta\/producto\/pastel-tipo-brownie-fast-pan-taper-12-und\/#breadcrumb","itemListElement":[{"@type":"ListItem","position":1,"name":"Portada","item":"https:\/\/barletta.pe\/barletta\/"},{"@type":"ListItem","position":2,"name":"Productos","item":"https:\/\/barletta.pe\/barletta\/productos\/"},{"@type":"ListItem","position":3,"name":"Pastel tipo Brownie Fast Pan Taper 12 und."}]},{"@type":"WebSite","@id":"https:\/\/barletta.pe\/barletta\/#website","url":"https:\/\/barletta.pe\/barletta\/","name":"Barletta","description":"Productos y servicios para el sector alimentario","publisher":{"@id":"https:\/\/barletta.pe\/barletta\/#organization"},"potentialAction":[{"@type":"SearchAction","target":{"@type":"EntryPoint","urlTemplate":"https:\/\/barletta.pe\/barletta\/?s={search_term_string}"},"query-input":{"@type":"PropertyValueSpecification","valueRequired":true,"valueName":"search_term_string"}}],"inLanguage":"es"},{"@type":"Organization","@id":"https:\/\/barletta.pe\/barletta\/#organization","name":"Barletta","url":"https:\/\/barletta.pe\/barletta\/","logo":{"@type":"ImageObject","inLanguage":"es","@id":"https:\/\/barletta.pe\/barletta\/#\/schema\/logo\/image\/","url":"https:\/\/barletta.pe\/barletta\/wp-content\/uploads\/2022\/08\/cropped-LOGO-BARLETTA.png","contentUrl":"https:\/\/barletta.pe\/barletta\/wp-content\/uploads\/2022\/08\/cropped-LOGO-BARLETTA.png","width":82,"height":125,"caption":"Barletta"},"image":{"@id":"https:\/\/barletta.pe\/barletta\/#\/schema\/logo\/image\/"},"sameAs":["https:\/\/www.facebook.com\/barlettaperu","https:\/\/www.instagram.com\/barlettaperuoficial\/"]}]}},"jetpack_sharing_enabled":true,"brands":[{"id":44,"name":"Fastpan","slug":"fastpan"}],"_links":{"self":[{"href":"https:\/\/barletta.pe\/barletta\/wp-json\/wp\/v2\/product\/319","targetHints":{"allow":["GET"]}}],"collection":[{"href":"https:\/\/barletta.pe\/barletta\/wp-json\/wp\/v2\/product"}],"about":[{"href":"https:\/\/barletta.pe\/barletta\/wp-json\/wp\/v2\/types\/product"}],"wp:featuredmedia":[{"embeddable":true,"href":"https:\/\/barletta.pe\/barletta\/wp-json\/wp\/v2\/media\/1068"}],"wp:attachment":[{"href":"https:\/\/barletta.pe\/barletta\/wp-json\/wp\/v2\/media?parent=319"}],"wp:term":[{"taxonomy":"pwb-brand","embeddable":true,"href":"https:\/\/barletta.pe\/barletta\/wp-json\/wp\/v2\/pwb-brand?post=319"},{"taxonomy":"product_brand","embeddable":true,"href":"https:\/\/barletta.pe\/barletta\/wp-json\/wp\/v2\/product_brand?post=319"},{"taxonomy":"product_cat","embeddable":true,"href":"https:\/\/barletta.pe\/barletta\/wp-json\/wp\/v2\/product_cat?post=319"},{"taxonomy":"product_tag","embeddable":true,"href":"https:\/\/barletta.pe\/barletta\/wp-json\/wp\/v2\/product_tag?post=319"}],"curies":[{"name":"wp","href":"https:\/\/api.w.org\/{rel}","templated":true}]}}