{"id":353,"date":"2023-03-11T00:27:34","date_gmt":"2023-03-11T00:27:34","guid":{"rendered":"https:\/\/foco74.com\/test\/barletta\/?post_type=product&#038;p=353"},"modified":"2025-06-27T17:45:51","modified_gmt":"2025-06-27T22:45:51","slug":"paneton-tradicional-donattino-caja-900-g","status":"publish","type":"product","link":"https:\/\/barletta.pe\/barletta\/producto\/paneton-tradicional-donattino-caja-900-g\/","title":{"rendered":"Paneton Tradicional Donattino Caja 900 g."},"content":{"rendered":"<p data-start=\"303\" data-end=\"574\">El <strong data-start=\"306\" data-end=\"339\">Panet\u00f3n Tradicional Donattino<\/strong> es ese cl\u00e1sico de siempre que nos acompa\u00f1a en cada celebraci\u00f3n navide\u00f1a. Con una masa suave, esponjosa y bien aireada, este panet\u00f3n est\u00e1 relleno con frutas confitadas seleccionadas que le dan un sabor tradicional, dulce y equilibrado.<\/p>\n<p data-start=\"576\" data-end=\"889\">Viene en una <strong data-start=\"589\" data-end=\"622\">presentaci\u00f3n de 900 g en caja<\/strong>, ideal para compartir en familia, regalar o disfrutar en los desayunos y meriendas festivas. Su receta es perfecta para quienes buscan calidad, tradici\u00f3n y una textura irresistible en cada bocado.<br data-start=\"819\" data-end=\"822\" \/>\u2728 <em data-start=\"824\" data-end=\"889\">Un panet\u00f3n de confianza, que re\u00fane lo mejor del sabor navide\u00f1o.<\/em><\/p>\n","protected":false},"excerpt":{"rendered":"<p>\ud83c\udf5e\ud83c\udf84 <strong data-start=\"944\" data-end=\"978\">Navidad con sabor a tradici\u00f3n.<\/strong><br data-start=\"978\" data-end=\"981\" \/>Suave, esponjoso y lleno de frutas confitadas, el <strong data-start=\"1031\" data-end=\"1061\">Panet\u00f3n Donattino de 900 g<\/strong> es ideal para compartir en casa. \ud83d\udc9b\ud83c\udf81\u2728<\/p>\n","protected":false},"featured_media":1064,"template":"","meta":{"_monsterinsights_skip_tracking":false,"_monsterinsights_sitenote_active":false,"_monsterinsights_sitenote_note":"","_monsterinsights_sitenote_category":0,"site-sidebar-layout":"default","site-content-layout":"default","ast-site-content-layout":"default","site-content-style":"default","site-sidebar-style":"default","ast-global-header-display":"","ast-banner-title-visibility":"","ast-main-header-display":"","ast-hfb-above-header-display":"","ast-hfb-below-header-display":"","ast-hfb-mobile-header-display":"","site-post-title":"","ast-breadcrumbs-content":"","ast-featured-img":"","footer-sml-layout":"","theme-transparent-header-meta":"default","adv-header-id-meta":"","stick-header-meta":"","header-above-stick-meta":"","header-main-stick-meta":"","header-below-stick-meta":"","astra-migrate-meta-layouts":"set","ast-page-background-enabled":"default","ast-page-background-meta":{"desktop":{"background-color":"var(--ast-global-color-4)","background-image":"","background-repeat":"repeat","background-position":"center center","background-size":"auto","background-attachment":"scroll","background-type":"","background-media":"","overlay-type":"","overlay-color":"","overlay-opacity":"","overlay-gradient":""},"tablet":{"background-color":"","background-image":"","background-repeat":"repeat","background-position":"center center","background-size":"auto","background-attachment":"scroll","background-type":"","background-media":"","overlay-type":"","overlay-color":"","overlay-opacity":"","overlay-gradient":""},"mobile":{"background-color":"","background-image":"","background-repeat":"repeat","background-position":"center center","background-size":"auto","background-attachment":"scroll","background-type":"","background-media":"","overlay-type":"","overlay-color":"","overlay-opacity":"","overlay-gradient":""}},"ast-content-background-meta":{"desktop":{"background-color":"var(--ast-global-color-5)","background-image":"","background-repeat":"repeat","background-position":"center center","background-size":"auto","background-attachment":"scroll","background-type":"","background-media":"","overlay-type":"","overlay-color":"","overlay-opacity":"","overlay-gradient":""},"tablet":{"background-color":"var(--ast-global-color-5)","background-image":"","background-repeat":"repeat","background-position":"center center","background-size":"auto","background-attachment":"scroll","background-type":"","background-media":"","overlay-type":"","overlay-color":"","overlay-opacity":"","overlay-gradient":""},"mobile":{"background-color":"var(--ast-global-color-5)","background-image":"","background-repeat":"repeat","background-position":"center center","background-size":"auto","background-attachment":"scroll","background-type":"","background-media":"","overlay-type":"","overlay-color":"","overlay-opacity":"","overlay-gradient":""}},"_joinchat":[]},"pwb-brand":[43],"product_brand":[],"product_cat":[34,33],"product_tag":[],"class_list":{"0":"post-353","1":"product","2":"type-product","3":"status-publish","4":"has-post-thumbnail","6":"pwb-brand-donattino","7":"product_cat-paneton-tradicional","8":"product_cat-panetones","9":"desktop-align-left","10":"tablet-align-left","11":"mobile-align-left","13":"first","14":"instock","15":"shipping-taxable","16":"purchasable","17":"product-type-simple"},"yoast_head":"<!-- This site is optimized with the Yoast SEO plugin v26.9 - https:\/\/yoast.com\/product\/yoast-seo-wordpress\/ -->\n<title>Paneton Tradicional Donattino Caja 900 g. - Barletta<\/title>\n<meta name=\"robots\" content=\"index, follow, max-snippet:-1, max-image-preview:large, max-video-preview:-1\" \/>\n<link rel=\"canonical\" href=\"https:\/\/barletta.pe\/barletta\/producto\/paneton-tradicional-donattino-caja-900-g\/\" \/>\n<meta property=\"og:locale\" content=\"es_ES\" \/>\n<meta property=\"og:type\" content=\"article\" \/>\n<meta property=\"og:title\" content=\"Paneton Tradicional Donattino Caja 900 g. - Barletta\" \/>\n<meta property=\"og:description\" content=\"\ud83c\udf5e\ud83c\udf84 Navidad con sabor a tradici\u00f3n.Suave, esponjoso y lleno de frutas confitadas, el Panet\u00f3n Donattino de 900 g es ideal para compartir en casa. \ud83d\udc9b\ud83c\udf81\u2728\" \/>\n<meta property=\"og:url\" content=\"https:\/\/barletta.pe\/barletta\/producto\/paneton-tradicional-donattino-caja-900-g\/\" \/>\n<meta property=\"og:site_name\" content=\"Barletta\" \/>\n<meta property=\"article:publisher\" content=\"https:\/\/www.facebook.com\/barlettaperu\" \/>\n<meta property=\"article:modified_time\" content=\"2025-06-27T22:45:51+00:00\" \/>\n<meta property=\"og:image\" content=\"https:\/\/barletta.pe\/barletta\/wp-content\/uploads\/2023\/10\/PANETON-DONATTINO-CAJA-copia.jpg\" \/>\n\t<meta property=\"og:image:width\" content=\"1280\" \/>\n\t<meta property=\"og:image:height\" content=\"1280\" \/>\n\t<meta property=\"og:image:type\" content=\"image\/jpeg\" \/>\n<meta name=\"twitter:card\" content=\"summary_large_image\" \/>\n<meta name=\"twitter:label1\" content=\"Tiempo de lectura\" \/>\n\t<meta name=\"twitter:data1\" content=\"1 minuto\" \/>\n<script type=\"application\/ld+json\" class=\"yoast-schema-graph\">{\"@context\":\"https:\/\/schema.org\",\"@graph\":[{\"@type\":\"WebPage\",\"@id\":\"https:\/\/barletta.pe\/barletta\/producto\/paneton-tradicional-donattino-caja-900-g\/\",\"url\":\"https:\/\/barletta.pe\/barletta\/producto\/paneton-tradicional-donattino-caja-900-g\/\",\"name\":\"Paneton Tradicional Donattino Caja 900 g. - Barletta\",\"isPartOf\":{\"@id\":\"https:\/\/barletta.pe\/barletta\/#website\"},\"primaryImageOfPage\":{\"@id\":\"https:\/\/barletta.pe\/barletta\/producto\/paneton-tradicional-donattino-caja-900-g\/#primaryimage\"},\"image\":{\"@id\":\"https:\/\/barletta.pe\/barletta\/producto\/paneton-tradicional-donattino-caja-900-g\/#primaryimage\"},\"thumbnailUrl\":\"https:\/\/barletta.pe\/barletta\/wp-content\/uploads\/2023\/10\/PANETON-DONATTINO-CAJA-copia.jpg\",\"datePublished\":\"2023-03-11T00:27:34+00:00\",\"dateModified\":\"2025-06-27T22:45:51+00:00\",\"breadcrumb\":{\"@id\":\"https:\/\/barletta.pe\/barletta\/producto\/paneton-tradicional-donattino-caja-900-g\/#breadcrumb\"},\"inLanguage\":\"es\",\"potentialAction\":[{\"@type\":\"ReadAction\",\"target\":[\"https:\/\/barletta.pe\/barletta\/producto\/paneton-tradicional-donattino-caja-900-g\/\"]}]},{\"@type\":\"ImageObject\",\"inLanguage\":\"es\",\"@id\":\"https:\/\/barletta.pe\/barletta\/producto\/paneton-tradicional-donattino-caja-900-g\/#primaryimage\",\"url\":\"https:\/\/barletta.pe\/barletta\/wp-content\/uploads\/2023\/10\/PANETON-DONATTINO-CAJA-copia.jpg\",\"contentUrl\":\"https:\/\/barletta.pe\/barletta\/wp-content\/uploads\/2023\/10\/PANETON-DONATTINO-CAJA-copia.jpg\",\"width\":1280,\"height\":1280},{\"@type\":\"BreadcrumbList\",\"@id\":\"https:\/\/barletta.pe\/barletta\/producto\/paneton-tradicional-donattino-caja-900-g\/#breadcrumb\",\"itemListElement\":[{\"@type\":\"ListItem\",\"position\":1,\"name\":\"Portada\",\"item\":\"https:\/\/barletta.pe\/barletta\/\"},{\"@type\":\"ListItem\",\"position\":2,\"name\":\"Productos\",\"item\":\"https:\/\/barletta.pe\/barletta\/productos\/\"},{\"@type\":\"ListItem\",\"position\":3,\"name\":\"Paneton Tradicional Donattino Caja 900 g.\"}]},{\"@type\":\"WebSite\",\"@id\":\"https:\/\/barletta.pe\/barletta\/#website\",\"url\":\"https:\/\/barletta.pe\/barletta\/\",\"name\":\"Barletta\",\"description\":\"Productos y servicios para el sector alimentario\",\"publisher\":{\"@id\":\"https:\/\/barletta.pe\/barletta\/#organization\"},\"potentialAction\":[{\"@type\":\"SearchAction\",\"target\":{\"@type\":\"EntryPoint\",\"urlTemplate\":\"https:\/\/barletta.pe\/barletta\/?s={search_term_string}\"},\"query-input\":{\"@type\":\"PropertyValueSpecification\",\"valueRequired\":true,\"valueName\":\"search_term_string\"}}],\"inLanguage\":\"es\"},{\"@type\":\"Organization\",\"@id\":\"https:\/\/barletta.pe\/barletta\/#organization\",\"name\":\"Barletta\",\"url\":\"https:\/\/barletta.pe\/barletta\/\",\"logo\":{\"@type\":\"ImageObject\",\"inLanguage\":\"es\",\"@id\":\"https:\/\/barletta.pe\/barletta\/#\/schema\/logo\/image\/\",\"url\":\"https:\/\/barletta.pe\/barletta\/wp-content\/uploads\/2022\/08\/cropped-LOGO-BARLETTA.png\",\"contentUrl\":\"https:\/\/barletta.pe\/barletta\/wp-content\/uploads\/2022\/08\/cropped-LOGO-BARLETTA.png\",\"width\":82,\"height\":125,\"caption\":\"Barletta\"},\"image\":{\"@id\":\"https:\/\/barletta.pe\/barletta\/#\/schema\/logo\/image\/\"},\"sameAs\":[\"https:\/\/www.facebook.com\/barlettaperu\",\"https:\/\/www.instagram.com\/barlettaperuoficial\/\"]}]}<\/script>\n<!-- \/ Yoast SEO plugin. -->","yoast_head_json":{"title":"Paneton Tradicional Donattino Caja 900 g. - Barletta","robots":{"index":"index","follow":"follow","max-snippet":"max-snippet:-1","max-image-preview":"max-image-preview:large","max-video-preview":"max-video-preview:-1"},"canonical":"https:\/\/barletta.pe\/barletta\/producto\/paneton-tradicional-donattino-caja-900-g\/","og_locale":"es_ES","og_type":"article","og_title":"Paneton Tradicional Donattino Caja 900 g. - Barletta","og_description":"\ud83c\udf5e\ud83c\udf84 Navidad con sabor a tradici\u00f3n.Suave, esponjoso y lleno de frutas confitadas, el Panet\u00f3n Donattino de 900 g es ideal para compartir en casa. \ud83d\udc9b\ud83c\udf81\u2728","og_url":"https:\/\/barletta.pe\/barletta\/producto\/paneton-tradicional-donattino-caja-900-g\/","og_site_name":"Barletta","article_publisher":"https:\/\/www.facebook.com\/barlettaperu","article_modified_time":"2025-06-27T22:45:51+00:00","og_image":[{"width":1280,"height":1280,"url":"https:\/\/barletta.pe\/barletta\/wp-content\/uploads\/2023\/10\/PANETON-DONATTINO-CAJA-copia.jpg","type":"image\/jpeg"}],"twitter_card":"summary_large_image","twitter_misc":{"Tiempo de lectura":"1 minuto"},"schema":{"@context":"https:\/\/schema.org","@graph":[{"@type":"WebPage","@id":"https:\/\/barletta.pe\/barletta\/producto\/paneton-tradicional-donattino-caja-900-g\/","url":"https:\/\/barletta.pe\/barletta\/producto\/paneton-tradicional-donattino-caja-900-g\/","name":"Paneton Tradicional Donattino Caja 900 g. - Barletta","isPartOf":{"@id":"https:\/\/barletta.pe\/barletta\/#website"},"primaryImageOfPage":{"@id":"https:\/\/barletta.pe\/barletta\/producto\/paneton-tradicional-donattino-caja-900-g\/#primaryimage"},"image":{"@id":"https:\/\/barletta.pe\/barletta\/producto\/paneton-tradicional-donattino-caja-900-g\/#primaryimage"},"thumbnailUrl":"https:\/\/barletta.pe\/barletta\/wp-content\/uploads\/2023\/10\/PANETON-DONATTINO-CAJA-copia.jpg","datePublished":"2023-03-11T00:27:34+00:00","dateModified":"2025-06-27T22:45:51+00:00","breadcrumb":{"@id":"https:\/\/barletta.pe\/barletta\/producto\/paneton-tradicional-donattino-caja-900-g\/#breadcrumb"},"inLanguage":"es","potentialAction":[{"@type":"ReadAction","target":["https:\/\/barletta.pe\/barletta\/producto\/paneton-tradicional-donattino-caja-900-g\/"]}]},{"@type":"ImageObject","inLanguage":"es","@id":"https:\/\/barletta.pe\/barletta\/producto\/paneton-tradicional-donattino-caja-900-g\/#primaryimage","url":"https:\/\/barletta.pe\/barletta\/wp-content\/uploads\/2023\/10\/PANETON-DONATTINO-CAJA-copia.jpg","contentUrl":"https:\/\/barletta.pe\/barletta\/wp-content\/uploads\/2023\/10\/PANETON-DONATTINO-CAJA-copia.jpg","width":1280,"height":1280},{"@type":"BreadcrumbList","@id":"https:\/\/barletta.pe\/barletta\/producto\/paneton-tradicional-donattino-caja-900-g\/#breadcrumb","itemListElement":[{"@type":"ListItem","position":1,"name":"Portada","item":"https:\/\/barletta.pe\/barletta\/"},{"@type":"ListItem","position":2,"name":"Productos","item":"https:\/\/barletta.pe\/barletta\/productos\/"},{"@type":"ListItem","position":3,"name":"Paneton Tradicional Donattino Caja 900 g."}]},{"@type":"WebSite","@id":"https:\/\/barletta.pe\/barletta\/#website","url":"https:\/\/barletta.pe\/barletta\/","name":"Barletta","description":"Productos y servicios para el sector alimentario","publisher":{"@id":"https:\/\/barletta.pe\/barletta\/#organization"},"potentialAction":[{"@type":"SearchAction","target":{"@type":"EntryPoint","urlTemplate":"https:\/\/barletta.pe\/barletta\/?s={search_term_string}"},"query-input":{"@type":"PropertyValueSpecification","valueRequired":true,"valueName":"search_term_string"}}],"inLanguage":"es"},{"@type":"Organization","@id":"https:\/\/barletta.pe\/barletta\/#organization","name":"Barletta","url":"https:\/\/barletta.pe\/barletta\/","logo":{"@type":"ImageObject","inLanguage":"es","@id":"https:\/\/barletta.pe\/barletta\/#\/schema\/logo\/image\/","url":"https:\/\/barletta.pe\/barletta\/wp-content\/uploads\/2022\/08\/cropped-LOGO-BARLETTA.png","contentUrl":"https:\/\/barletta.pe\/barletta\/wp-content\/uploads\/2022\/08\/cropped-LOGO-BARLETTA.png","width":82,"height":125,"caption":"Barletta"},"image":{"@id":"https:\/\/barletta.pe\/barletta\/#\/schema\/logo\/image\/"},"sameAs":["https:\/\/www.facebook.com\/barlettaperu","https:\/\/www.instagram.com\/barlettaperuoficial\/"]}]}},"jetpack_sharing_enabled":true,"brands":[{"id":43,"name":"Donattino","slug":"donattino"}],"_links":{"self":[{"href":"https:\/\/barletta.pe\/barletta\/wp-json\/wp\/v2\/product\/353","targetHints":{"allow":["GET"]}}],"collection":[{"href":"https:\/\/barletta.pe\/barletta\/wp-json\/wp\/v2\/product"}],"about":[{"href":"https:\/\/barletta.pe\/barletta\/wp-json\/wp\/v2\/types\/product"}],"wp:featuredmedia":[{"embeddable":true,"href":"https:\/\/barletta.pe\/barletta\/wp-json\/wp\/v2\/media\/1064"}],"wp:attachment":[{"href":"https:\/\/barletta.pe\/barletta\/wp-json\/wp\/v2\/media?parent=353"}],"wp:term":[{"taxonomy":"pwb-brand","embeddable":true,"href":"https:\/\/barletta.pe\/barletta\/wp-json\/wp\/v2\/pwb-brand?post=353"},{"taxonomy":"product_brand","embeddable":true,"href":"https:\/\/barletta.pe\/barletta\/wp-json\/wp\/v2\/product_brand?post=353"},{"taxonomy":"product_cat","embeddable":true,"href":"https:\/\/barletta.pe\/barletta\/wp-json\/wp\/v2\/product_cat?post=353"},{"taxonomy":"product_tag","embeddable":true,"href":"https:\/\/barletta.pe\/barletta\/wp-json\/wp\/v2\/product_tag?post=353"}],"curies":[{"name":"wp","href":"https:\/\/api.w.org\/{rel}","templated":true}]}}