{"id":357,"date":"2023-03-11T00:27:36","date_gmt":"2023-03-11T00:27:36","guid":{"rendered":"https:\/\/foco74.com\/test\/barletta\/?post_type=product&#038;p=357"},"modified":"2025-06-27T16:33:11","modified_gmt":"2025-06-27T21:33:11","slug":"paneton-con-chispas-sabor-a-manzana-barletta-caja-500-g","status":"publish","type":"product","link":"https:\/\/barletta.pe\/barletta\/producto\/paneton-con-chispas-sabor-a-manzana-barletta-caja-500-g\/","title":{"rendered":"Panet\u00f3n con chispas sabor a manzana Barletta caja 500 g."},"content":{"rendered":"<p data-start=\"309\" data-end=\"670\">El <strong data-start=\"312\" data-end=\"360\">Panet\u00f3n con chispas sabor a manzana Barletta<\/strong> es una versi\u00f3n innovadora del cl\u00e1sico navide\u00f1o. Con una masa suave, esponjosa y arom\u00e1tica, este panet\u00f3n incorpora <strong data-start=\"475\" data-end=\"522\">delicadas chispas con sabor a manzana verde<\/strong>, que aportan un toque frutado, fresco y diferente, ideal para quienes buscan una alternativa moderna sin perder la esencia del panet\u00f3n tradicional.<\/p>\n<p data-start=\"672\" data-end=\"993\">Viene en una <strong data-start=\"685\" data-end=\"718\">presentaci\u00f3n de 500 g en caja<\/strong>, perfecta para compartir en casa, regalar o disfrutar en cualquier momento especial. Conserva la calidad y textura que caracterizan a Barletta, con una propuesta original que sorprende al primer bocado.<br data-start=\"921\" data-end=\"924\" \/>\u2728 <em data-start=\"926\" data-end=\"993\">Un panet\u00f3n diferente, con ese toque de manzana que lo hace \u00fanico.<\/em><\/p>\n","protected":false},"excerpt":{"rendered":"<p data-start=\"1043\" data-end=\"1233\"><strong style=\"font-size: 16px; font-style: normal;\" data-start=\"1102\" data-end=\"1141\">\ud83c\udf4e<\/strong>\ud83c\udf84 <strong data-start=\"1048\" data-end=\"1086\">Una dulce sorpresa en cada bocado.<\/strong> Prueba nuestro <strong data-start=\"1102\" data-end=\"1141\">Panet\u00f3n con chispas sabor a manzana<\/strong>: suave, esponjoso y con un toque fresco que te va a encantar. \u00a1Perfecto para compartir! \ud83d\udc9b\u2728<\/p>\n","protected":false},"featured_media":1061,"template":"","meta":{"_monsterinsights_skip_tracking":false,"_monsterinsights_sitenote_active":false,"_monsterinsights_sitenote_note":"","_monsterinsights_sitenote_category":0,"site-sidebar-layout":"default","site-content-layout":"default","ast-site-content-layout":"default","site-content-style":"default","site-sidebar-style":"default","ast-global-header-display":"","ast-banner-title-visibility":"","ast-main-header-display":"","ast-hfb-above-header-display":"","ast-hfb-below-header-display":"","ast-hfb-mobile-header-display":"","site-post-title":"","ast-breadcrumbs-content":"","ast-featured-img":"","footer-sml-layout":"","theme-transparent-header-meta":"default","adv-header-id-meta":"","stick-header-meta":"","header-above-stick-meta":"","header-main-stick-meta":"","header-below-stick-meta":"","astra-migrate-meta-layouts":"set","ast-page-background-enabled":"default","ast-page-background-meta":{"desktop":{"background-color":"var(--ast-global-color-4)","background-image":"","background-repeat":"repeat","background-position":"center center","background-size":"auto","background-attachment":"scroll","background-type":"","background-media":"","overlay-type":"","overlay-color":"","overlay-opacity":"","overlay-gradient":""},"tablet":{"background-color":"","background-image":"","background-repeat":"repeat","background-position":"center center","background-size":"auto","background-attachment":"scroll","background-type":"","background-media":"","overlay-type":"","overlay-color":"","overlay-opacity":"","overlay-gradient":""},"mobile":{"background-color":"","background-image":"","background-repeat":"repeat","background-position":"center center","background-size":"auto","background-attachment":"scroll","background-type":"","background-media":"","overlay-type":"","overlay-color":"","overlay-opacity":"","overlay-gradient":""}},"ast-content-background-meta":{"desktop":{"background-color":"var(--ast-global-color-5)","background-image":"","background-repeat":"repeat","background-position":"center center","background-size":"auto","background-attachment":"scroll","background-type":"","background-media":"","overlay-type":"","overlay-color":"","overlay-opacity":"","overlay-gradient":""},"tablet":{"background-color":"var(--ast-global-color-5)","background-image":"","background-repeat":"repeat","background-position":"center center","background-size":"auto","background-attachment":"scroll","background-type":"","background-media":"","overlay-type":"","overlay-color":"","overlay-opacity":"","overlay-gradient":""},"mobile":{"background-color":"var(--ast-global-color-5)","background-image":"","background-repeat":"repeat","background-position":"center center","background-size":"auto","background-attachment":"scroll","background-type":"","background-media":"","overlay-type":"","overlay-color":"","overlay-opacity":"","overlay-gradient":""}},"_joinchat":[]},"pwb-brand":[42],"product_brand":[],"product_cat":[35,33],"product_tag":[],"class_list":{"0":"post-357","1":"product","2":"type-product","3":"status-publish","4":"has-post-thumbnail","6":"pwb-brand-barletta","7":"product_cat-paneton-con-chispas","8":"product_cat-panetones","9":"desktop-align-left","10":"tablet-align-left","11":"mobile-align-left","13":"first","14":"instock","15":"shipping-taxable","16":"purchasable","17":"product-type-simple"},"yoast_head":"<!-- This site is optimized with the Yoast SEO plugin v26.9 - https:\/\/yoast.com\/product\/yoast-seo-wordpress\/ -->\n<title>Panet\u00f3n con chispas sabor a manzana Barletta caja 500 g. - Barletta<\/title>\n<meta name=\"robots\" content=\"index, follow, max-snippet:-1, max-image-preview:large, max-video-preview:-1\" \/>\n<link rel=\"canonical\" href=\"https:\/\/barletta.pe\/barletta\/producto\/paneton-con-chispas-sabor-a-manzana-barletta-caja-500-g\/\" \/>\n<meta property=\"og:locale\" content=\"es_ES\" \/>\n<meta property=\"og:type\" content=\"article\" \/>\n<meta property=\"og:title\" content=\"Panet\u00f3n con chispas sabor a manzana Barletta caja 500 g. - Barletta\" \/>\n<meta property=\"og:description\" content=\"\ud83c\udf4e\ud83c\udf84 Una dulce sorpresa en cada bocado. Prueba nuestro Panet\u00f3n con chispas sabor a manzana: suave, esponjoso y con un toque fresco que te va a encantar. \u00a1Perfecto para compartir! \ud83d\udc9b\u2728\" \/>\n<meta property=\"og:url\" content=\"https:\/\/barletta.pe\/barletta\/producto\/paneton-con-chispas-sabor-a-manzana-barletta-caja-500-g\/\" \/>\n<meta property=\"og:site_name\" content=\"Barletta\" \/>\n<meta property=\"article:publisher\" content=\"https:\/\/www.facebook.com\/barlettaperu\" \/>\n<meta property=\"article:modified_time\" content=\"2025-06-27T21:33:11+00:00\" \/>\n<meta property=\"og:image\" content=\"https:\/\/barletta.pe\/barletta\/wp-content\/uploads\/2023\/10\/paneton-canela-copia.jpg\" \/>\n\t<meta property=\"og:image:width\" content=\"1080\" \/>\n\t<meta property=\"og:image:height\" content=\"1080\" \/>\n\t<meta property=\"og:image:type\" content=\"image\/jpeg\" \/>\n<meta name=\"twitter:card\" content=\"summary_large_image\" \/>\n<meta name=\"twitter:label1\" content=\"Tiempo de lectura\" \/>\n\t<meta name=\"twitter:data1\" content=\"1 minuto\" \/>\n<script type=\"application\/ld+json\" class=\"yoast-schema-graph\">{\"@context\":\"https:\/\/schema.org\",\"@graph\":[{\"@type\":\"WebPage\",\"@id\":\"https:\/\/barletta.pe\/barletta\/producto\/paneton-con-chispas-sabor-a-manzana-barletta-caja-500-g\/\",\"url\":\"https:\/\/barletta.pe\/barletta\/producto\/paneton-con-chispas-sabor-a-manzana-barletta-caja-500-g\/\",\"name\":\"Panet\u00f3n con chispas sabor a manzana Barletta caja 500 g. - Barletta\",\"isPartOf\":{\"@id\":\"https:\/\/barletta.pe\/barletta\/#website\"},\"primaryImageOfPage\":{\"@id\":\"https:\/\/barletta.pe\/barletta\/producto\/paneton-con-chispas-sabor-a-manzana-barletta-caja-500-g\/#primaryimage\"},\"image\":{\"@id\":\"https:\/\/barletta.pe\/barletta\/producto\/paneton-con-chispas-sabor-a-manzana-barletta-caja-500-g\/#primaryimage\"},\"thumbnailUrl\":\"https:\/\/barletta.pe\/barletta\/wp-content\/uploads\/2023\/10\/paneton-canela-copia.jpg\",\"datePublished\":\"2023-03-11T00:27:36+00:00\",\"dateModified\":\"2025-06-27T21:33:11+00:00\",\"breadcrumb\":{\"@id\":\"https:\/\/barletta.pe\/barletta\/producto\/paneton-con-chispas-sabor-a-manzana-barletta-caja-500-g\/#breadcrumb\"},\"inLanguage\":\"es\",\"potentialAction\":[{\"@type\":\"ReadAction\",\"target\":[\"https:\/\/barletta.pe\/barletta\/producto\/paneton-con-chispas-sabor-a-manzana-barletta-caja-500-g\/\"]}]},{\"@type\":\"ImageObject\",\"inLanguage\":\"es\",\"@id\":\"https:\/\/barletta.pe\/barletta\/producto\/paneton-con-chispas-sabor-a-manzana-barletta-caja-500-g\/#primaryimage\",\"url\":\"https:\/\/barletta.pe\/barletta\/wp-content\/uploads\/2023\/10\/paneton-canela-copia.jpg\",\"contentUrl\":\"https:\/\/barletta.pe\/barletta\/wp-content\/uploads\/2023\/10\/paneton-canela-copia.jpg\",\"width\":1080,\"height\":1080},{\"@type\":\"BreadcrumbList\",\"@id\":\"https:\/\/barletta.pe\/barletta\/producto\/paneton-con-chispas-sabor-a-manzana-barletta-caja-500-g\/#breadcrumb\",\"itemListElement\":[{\"@type\":\"ListItem\",\"position\":1,\"name\":\"Portada\",\"item\":\"https:\/\/barletta.pe\/barletta\/\"},{\"@type\":\"ListItem\",\"position\":2,\"name\":\"Productos\",\"item\":\"https:\/\/barletta.pe\/barletta\/productos\/\"},{\"@type\":\"ListItem\",\"position\":3,\"name\":\"Panet\u00f3n con chispas sabor a manzana Barletta caja 500 g.\"}]},{\"@type\":\"WebSite\",\"@id\":\"https:\/\/barletta.pe\/barletta\/#website\",\"url\":\"https:\/\/barletta.pe\/barletta\/\",\"name\":\"Barletta\",\"description\":\"Productos y servicios para el sector alimentario\",\"publisher\":{\"@id\":\"https:\/\/barletta.pe\/barletta\/#organization\"},\"potentialAction\":[{\"@type\":\"SearchAction\",\"target\":{\"@type\":\"EntryPoint\",\"urlTemplate\":\"https:\/\/barletta.pe\/barletta\/?s={search_term_string}\"},\"query-input\":{\"@type\":\"PropertyValueSpecification\",\"valueRequired\":true,\"valueName\":\"search_term_string\"}}],\"inLanguage\":\"es\"},{\"@type\":\"Organization\",\"@id\":\"https:\/\/barletta.pe\/barletta\/#organization\",\"name\":\"Barletta\",\"url\":\"https:\/\/barletta.pe\/barletta\/\",\"logo\":{\"@type\":\"ImageObject\",\"inLanguage\":\"es\",\"@id\":\"https:\/\/barletta.pe\/barletta\/#\/schema\/logo\/image\/\",\"url\":\"https:\/\/barletta.pe\/barletta\/wp-content\/uploads\/2022\/08\/cropped-LOGO-BARLETTA.png\",\"contentUrl\":\"https:\/\/barletta.pe\/barletta\/wp-content\/uploads\/2022\/08\/cropped-LOGO-BARLETTA.png\",\"width\":82,\"height\":125,\"caption\":\"Barletta\"},\"image\":{\"@id\":\"https:\/\/barletta.pe\/barletta\/#\/schema\/logo\/image\/\"},\"sameAs\":[\"https:\/\/www.facebook.com\/barlettaperu\",\"https:\/\/www.instagram.com\/barlettaperuoficial\/\"]}]}<\/script>\n<!-- \/ Yoast SEO plugin. -->","yoast_head_json":{"title":"Panet\u00f3n con chispas sabor a manzana Barletta caja 500 g. - Barletta","robots":{"index":"index","follow":"follow","max-snippet":"max-snippet:-1","max-image-preview":"max-image-preview:large","max-video-preview":"max-video-preview:-1"},"canonical":"https:\/\/barletta.pe\/barletta\/producto\/paneton-con-chispas-sabor-a-manzana-barletta-caja-500-g\/","og_locale":"es_ES","og_type":"article","og_title":"Panet\u00f3n con chispas sabor a manzana Barletta caja 500 g. - Barletta","og_description":"\ud83c\udf4e\ud83c\udf84 Una dulce sorpresa en cada bocado. Prueba nuestro Panet\u00f3n con chispas sabor a manzana: suave, esponjoso y con un toque fresco que te va a encantar. \u00a1Perfecto para compartir! \ud83d\udc9b\u2728","og_url":"https:\/\/barletta.pe\/barletta\/producto\/paneton-con-chispas-sabor-a-manzana-barletta-caja-500-g\/","og_site_name":"Barletta","article_publisher":"https:\/\/www.facebook.com\/barlettaperu","article_modified_time":"2025-06-27T21:33:11+00:00","og_image":[{"width":1080,"height":1080,"url":"https:\/\/barletta.pe\/barletta\/wp-content\/uploads\/2023\/10\/paneton-canela-copia.jpg","type":"image\/jpeg"}],"twitter_card":"summary_large_image","twitter_misc":{"Tiempo de lectura":"1 minuto"},"schema":{"@context":"https:\/\/schema.org","@graph":[{"@type":"WebPage","@id":"https:\/\/barletta.pe\/barletta\/producto\/paneton-con-chispas-sabor-a-manzana-barletta-caja-500-g\/","url":"https:\/\/barletta.pe\/barletta\/producto\/paneton-con-chispas-sabor-a-manzana-barletta-caja-500-g\/","name":"Panet\u00f3n con chispas sabor a manzana Barletta caja 500 g. - Barletta","isPartOf":{"@id":"https:\/\/barletta.pe\/barletta\/#website"},"primaryImageOfPage":{"@id":"https:\/\/barletta.pe\/barletta\/producto\/paneton-con-chispas-sabor-a-manzana-barletta-caja-500-g\/#primaryimage"},"image":{"@id":"https:\/\/barletta.pe\/barletta\/producto\/paneton-con-chispas-sabor-a-manzana-barletta-caja-500-g\/#primaryimage"},"thumbnailUrl":"https:\/\/barletta.pe\/barletta\/wp-content\/uploads\/2023\/10\/paneton-canela-copia.jpg","datePublished":"2023-03-11T00:27:36+00:00","dateModified":"2025-06-27T21:33:11+00:00","breadcrumb":{"@id":"https:\/\/barletta.pe\/barletta\/producto\/paneton-con-chispas-sabor-a-manzana-barletta-caja-500-g\/#breadcrumb"},"inLanguage":"es","potentialAction":[{"@type":"ReadAction","target":["https:\/\/barletta.pe\/barletta\/producto\/paneton-con-chispas-sabor-a-manzana-barletta-caja-500-g\/"]}]},{"@type":"ImageObject","inLanguage":"es","@id":"https:\/\/barletta.pe\/barletta\/producto\/paneton-con-chispas-sabor-a-manzana-barletta-caja-500-g\/#primaryimage","url":"https:\/\/barletta.pe\/barletta\/wp-content\/uploads\/2023\/10\/paneton-canela-copia.jpg","contentUrl":"https:\/\/barletta.pe\/barletta\/wp-content\/uploads\/2023\/10\/paneton-canela-copia.jpg","width":1080,"height":1080},{"@type":"BreadcrumbList","@id":"https:\/\/barletta.pe\/barletta\/producto\/paneton-con-chispas-sabor-a-manzana-barletta-caja-500-g\/#breadcrumb","itemListElement":[{"@type":"ListItem","position":1,"name":"Portada","item":"https:\/\/barletta.pe\/barletta\/"},{"@type":"ListItem","position":2,"name":"Productos","item":"https:\/\/barletta.pe\/barletta\/productos\/"},{"@type":"ListItem","position":3,"name":"Panet\u00f3n con chispas sabor a manzana Barletta caja 500 g."}]},{"@type":"WebSite","@id":"https:\/\/barletta.pe\/barletta\/#website","url":"https:\/\/barletta.pe\/barletta\/","name":"Barletta","description":"Productos y servicios para el sector alimentario","publisher":{"@id":"https:\/\/barletta.pe\/barletta\/#organization"},"potentialAction":[{"@type":"SearchAction","target":{"@type":"EntryPoint","urlTemplate":"https:\/\/barletta.pe\/barletta\/?s={search_term_string}"},"query-input":{"@type":"PropertyValueSpecification","valueRequired":true,"valueName":"search_term_string"}}],"inLanguage":"es"},{"@type":"Organization","@id":"https:\/\/barletta.pe\/barletta\/#organization","name":"Barletta","url":"https:\/\/barletta.pe\/barletta\/","logo":{"@type":"ImageObject","inLanguage":"es","@id":"https:\/\/barletta.pe\/barletta\/#\/schema\/logo\/image\/","url":"https:\/\/barletta.pe\/barletta\/wp-content\/uploads\/2022\/08\/cropped-LOGO-BARLETTA.png","contentUrl":"https:\/\/barletta.pe\/barletta\/wp-content\/uploads\/2022\/08\/cropped-LOGO-BARLETTA.png","width":82,"height":125,"caption":"Barletta"},"image":{"@id":"https:\/\/barletta.pe\/barletta\/#\/schema\/logo\/image\/"},"sameAs":["https:\/\/www.facebook.com\/barlettaperu","https:\/\/www.instagram.com\/barlettaperuoficial\/"]}]}},"jetpack_sharing_enabled":true,"brands":[{"id":42,"name":"Barletta","slug":"barletta"}],"_links":{"self":[{"href":"https:\/\/barletta.pe\/barletta\/wp-json\/wp\/v2\/product\/357","targetHints":{"allow":["GET"]}}],"collection":[{"href":"https:\/\/barletta.pe\/barletta\/wp-json\/wp\/v2\/product"}],"about":[{"href":"https:\/\/barletta.pe\/barletta\/wp-json\/wp\/v2\/types\/product"}],"wp:featuredmedia":[{"embeddable":true,"href":"https:\/\/barletta.pe\/barletta\/wp-json\/wp\/v2\/media\/1061"}],"wp:attachment":[{"href":"https:\/\/barletta.pe\/barletta\/wp-json\/wp\/v2\/media?parent=357"}],"wp:term":[{"taxonomy":"pwb-brand","embeddable":true,"href":"https:\/\/barletta.pe\/barletta\/wp-json\/wp\/v2\/pwb-brand?post=357"},{"taxonomy":"product_brand","embeddable":true,"href":"https:\/\/barletta.pe\/barletta\/wp-json\/wp\/v2\/product_brand?post=357"},{"taxonomy":"product_cat","embeddable":true,"href":"https:\/\/barletta.pe\/barletta\/wp-json\/wp\/v2\/product_cat?post=357"},{"taxonomy":"product_tag","embeddable":true,"href":"https:\/\/barletta.pe\/barletta\/wp-json\/wp\/v2\/product_tag?post=357"}],"curies":[{"name":"wp","href":"https:\/\/api.w.org\/{rel}","templated":true}]}}