{"id":949,"date":"2023-10-04T09:54:34","date_gmt":"2023-10-04T14:54:34","guid":{"rendered":"https:\/\/foco74.com\/test\/barletta\/?post_type=product&#038;p=949"},"modified":"2025-06-27T16:21:46","modified_gmt":"2025-06-27T21:21:46","slug":"concentrado-de-chicha-morada-tutto-frutta-1-l","status":"publish","type":"product","link":"https:\/\/barletta.pe\/barletta\/producto\/concentrado-de-chicha-morada-tutto-frutta-1-l\/","title":{"rendered":"Concentrado de Chicha morada Tutto Frutta 1 L"},"content":{"rendered":"<p data-start=\"326\" data-end=\"648\">El <strong data-start=\"329\" data-end=\"374\">Concentrado de Chicha Morada Tutto Frutta<\/strong> est\u00e1 hecho a base de ma\u00edz morado seleccionado, combinado con frutas y especias naturales que realzan su sabor tradicional. Entre sus ingredientes destacan el <strong data-start=\"533\" data-end=\"574\">membrillo, la pi\u00f1a y la manzana verde<\/strong>, que aportan frescura, aroma y un balance perfecto entre dulzor y acidez.<\/p>\n<p data-start=\"650\" data-end=\"939\">Su preparaci\u00f3n es r\u00e1pida, sencilla y con gran rendimiento, lo que lo convierte en una opci\u00f3n ideal para restaurantes, panader\u00edas, eventos o para disfrutar en casa. Solo necesitas diluirlo con agua y endulzar al gusto para obtener una bebida refrescante, nutritiva y aut\u00e9nticamente peruana.<\/p>\n<p data-start=\"941\" data-end=\"1129\">Su <strong data-start=\"944\" data-end=\"971\">presentaci\u00f3n de 1 litro<\/strong> es pr\u00e1ctica y rendidora, con un sabor constante en cada preparaci\u00f3n.<br data-start=\"1040\" data-end=\"1043\" \/>\u2728 <em data-start=\"1045\" data-end=\"1129\">Perfecto para acompa\u00f1ar tus comidas o dar un toque nacional a tu carta de bebidas.<\/em><\/p>\n","protected":false},"excerpt":{"rendered":"<p data-start=\"1013\" data-end=\"1188\">\ud83c\udf47\ud83c\uddf5\ud83c\uddea <strong data-start=\"1020\" data-end=\"1054\">\u00a1El sabor del Per\u00fa en tu mesa!<\/strong> Con nuestro <strong data-start=\"1067\" data-end=\"1112\">Concentrado de Chicha Morada Tutto Frutta<\/strong>, solo mezcla, sirve y disfruta.<br data-start=\"1144\" data-end=\"1147\" \/>\u00a1Rinde un mont\u00f3n y sabe espectacular! \u2728\ud83e\udd64<\/p>\n","protected":false},"featured_media":1036,"template":"","meta":{"_monsterinsights_skip_tracking":false,"_monsterinsights_sitenote_active":false,"_monsterinsights_sitenote_note":"","_monsterinsights_sitenote_category":0,"site-sidebar-layout":"default","site-content-layout":"default","ast-site-content-layout":"default","site-content-style":"default","site-sidebar-style":"default","ast-global-header-display":"","ast-banner-title-visibility":"","ast-main-header-display":"","ast-hfb-above-header-display":"","ast-hfb-below-header-display":"","ast-hfb-mobile-header-display":"","site-post-title":"","ast-breadcrumbs-content":"","ast-featured-img":"","footer-sml-layout":"","theme-transparent-header-meta":"default","adv-header-id-meta":"","stick-header-meta":"","header-above-stick-meta":"","header-main-stick-meta":"","header-below-stick-meta":"","astra-migrate-meta-layouts":"set","ast-page-background-enabled":"default","ast-page-background-meta":{"desktop":{"background-color":"var(--ast-global-color-4)","background-image":"","background-repeat":"repeat","background-position":"center center","background-size":"auto","background-attachment":"scroll","background-type":"","background-media":"","overlay-type":"","overlay-color":"","overlay-opacity":"","overlay-gradient":""},"tablet":{"background-color":"","background-image":"","background-repeat":"repeat","background-position":"center center","background-size":"auto","background-attachment":"scroll","background-type":"","background-media":"","overlay-type":"","overlay-color":"","overlay-opacity":"","overlay-gradient":""},"mobile":{"background-color":"","background-image":"","background-repeat":"repeat","background-position":"center center","background-size":"auto","background-attachment":"scroll","background-type":"","background-media":"","overlay-type":"","overlay-color":"","overlay-opacity":"","overlay-gradient":""}},"ast-content-background-meta":{"desktop":{"background-color":"var(--ast-global-color-5)","background-image":"","background-repeat":"repeat","background-position":"center center","background-size":"auto","background-attachment":"scroll","background-type":"","background-media":"","overlay-type":"","overlay-color":"","overlay-opacity":"","overlay-gradient":""},"tablet":{"background-color":"var(--ast-global-color-5)","background-image":"","background-repeat":"repeat","background-position":"center center","background-size":"auto","background-attachment":"scroll","background-type":"","background-media":"","overlay-type":"","overlay-color":"","overlay-opacity":"","overlay-gradient":""},"mobile":{"background-color":"var(--ast-global-color-5)","background-image":"","background-repeat":"repeat","background-position":"center center","background-size":"auto","background-attachment":"scroll","background-type":"","background-media":"","overlay-type":"","overlay-color":"","overlay-opacity":"","overlay-gradient":""}},"_joinchat":[]},"pwb-brand":[46],"product_brand":[],"product_cat":[24,23],"product_tag":[],"class_list":{"0":"post-949","1":"product","2":"type-product","3":"status-publish","4":"has-post-thumbnail","6":"pwb-brand-tuto-frutta","7":"product_cat-concentrados","8":"product_cat-bebidas-y-concentrados-de-frutas","9":"desktop-align-left","10":"tablet-align-left","11":"mobile-align-left","13":"first","14":"instock","15":"shipping-taxable","16":"purchasable","17":"product-type-simple"},"yoast_head":"<!-- This site is optimized with the Yoast SEO plugin v26.9 - https:\/\/yoast.com\/product\/yoast-seo-wordpress\/ -->\n<title>Concentrado de Chicha morada Tutto Frutta 1 L - Barletta<\/title>\n<meta name=\"robots\" content=\"index, follow, max-snippet:-1, max-image-preview:large, max-video-preview:-1\" \/>\n<link rel=\"canonical\" href=\"https:\/\/barletta.pe\/barletta\/producto\/concentrado-de-chicha-morada-tutto-frutta-1-l\/\" \/>\n<meta property=\"og:locale\" content=\"es_ES\" \/>\n<meta property=\"og:type\" content=\"article\" \/>\n<meta property=\"og:title\" content=\"Concentrado de Chicha morada Tutto Frutta 1 L - Barletta\" \/>\n<meta property=\"og:description\" content=\"\ud83c\udf47\ud83c\uddf5\ud83c\uddea \u00a1El sabor del Per\u00fa en tu mesa! Con nuestro Concentrado de Chicha Morada Tutto Frutta, solo mezcla, sirve y disfruta.\u00a1Rinde un mont\u00f3n y sabe espectacular! \u2728\ud83e\udd64\" \/>\n<meta property=\"og:url\" content=\"https:\/\/barletta.pe\/barletta\/producto\/concentrado-de-chicha-morada-tutto-frutta-1-l\/\" \/>\n<meta property=\"og:site_name\" content=\"Barletta\" \/>\n<meta property=\"article:publisher\" content=\"https:\/\/www.facebook.com\/barlettaperu\" \/>\n<meta property=\"article:modified_time\" content=\"2025-06-27T21:21:46+00:00\" \/>\n<meta property=\"og:image\" content=\"https:\/\/barletta.pe\/barletta\/wp-content\/uploads\/2023\/10\/chicha-1L-copia.jpg\" \/>\n\t<meta property=\"og:image:width\" content=\"1080\" \/>\n\t<meta property=\"og:image:height\" content=\"1080\" \/>\n\t<meta property=\"og:image:type\" content=\"image\/jpeg\" \/>\n<meta name=\"twitter:card\" content=\"summary_large_image\" \/>\n<meta name=\"twitter:label1\" content=\"Tiempo de lectura\" \/>\n\t<meta name=\"twitter:data1\" content=\"1 minuto\" \/>\n<script type=\"application\/ld+json\" class=\"yoast-schema-graph\">{\"@context\":\"https:\/\/schema.org\",\"@graph\":[{\"@type\":\"WebPage\",\"@id\":\"https:\/\/barletta.pe\/barletta\/producto\/concentrado-de-chicha-morada-tutto-frutta-1-l\/\",\"url\":\"https:\/\/barletta.pe\/barletta\/producto\/concentrado-de-chicha-morada-tutto-frutta-1-l\/\",\"name\":\"Concentrado de Chicha morada Tutto Frutta 1 L - Barletta\",\"isPartOf\":{\"@id\":\"https:\/\/barletta.pe\/barletta\/#website\"},\"primaryImageOfPage\":{\"@id\":\"https:\/\/barletta.pe\/barletta\/producto\/concentrado-de-chicha-morada-tutto-frutta-1-l\/#primaryimage\"},\"image\":{\"@id\":\"https:\/\/barletta.pe\/barletta\/producto\/concentrado-de-chicha-morada-tutto-frutta-1-l\/#primaryimage\"},\"thumbnailUrl\":\"https:\/\/barletta.pe\/barletta\/wp-content\/uploads\/2023\/10\/chicha-1L-copia.jpg\",\"datePublished\":\"2023-10-04T14:54:34+00:00\",\"dateModified\":\"2025-06-27T21:21:46+00:00\",\"breadcrumb\":{\"@id\":\"https:\/\/barletta.pe\/barletta\/producto\/concentrado-de-chicha-morada-tutto-frutta-1-l\/#breadcrumb\"},\"inLanguage\":\"es\",\"potentialAction\":[{\"@type\":\"ReadAction\",\"target\":[\"https:\/\/barletta.pe\/barletta\/producto\/concentrado-de-chicha-morada-tutto-frutta-1-l\/\"]}]},{\"@type\":\"ImageObject\",\"inLanguage\":\"es\",\"@id\":\"https:\/\/barletta.pe\/barletta\/producto\/concentrado-de-chicha-morada-tutto-frutta-1-l\/#primaryimage\",\"url\":\"https:\/\/barletta.pe\/barletta\/wp-content\/uploads\/2023\/10\/chicha-1L-copia.jpg\",\"contentUrl\":\"https:\/\/barletta.pe\/barletta\/wp-content\/uploads\/2023\/10\/chicha-1L-copia.jpg\",\"width\":1080,\"height\":1080},{\"@type\":\"BreadcrumbList\",\"@id\":\"https:\/\/barletta.pe\/barletta\/producto\/concentrado-de-chicha-morada-tutto-frutta-1-l\/#breadcrumb\",\"itemListElement\":[{\"@type\":\"ListItem\",\"position\":1,\"name\":\"Portada\",\"item\":\"https:\/\/barletta.pe\/barletta\/\"},{\"@type\":\"ListItem\",\"position\":2,\"name\":\"Productos\",\"item\":\"https:\/\/barletta.pe\/barletta\/productos\/\"},{\"@type\":\"ListItem\",\"position\":3,\"name\":\"Concentrado de Chicha morada Tutto Frutta 1 L\"}]},{\"@type\":\"WebSite\",\"@id\":\"https:\/\/barletta.pe\/barletta\/#website\",\"url\":\"https:\/\/barletta.pe\/barletta\/\",\"name\":\"Barletta\",\"description\":\"Productos y servicios para el sector alimentario\",\"publisher\":{\"@id\":\"https:\/\/barletta.pe\/barletta\/#organization\"},\"potentialAction\":[{\"@type\":\"SearchAction\",\"target\":{\"@type\":\"EntryPoint\",\"urlTemplate\":\"https:\/\/barletta.pe\/barletta\/?s={search_term_string}\"},\"query-input\":{\"@type\":\"PropertyValueSpecification\",\"valueRequired\":true,\"valueName\":\"search_term_string\"}}],\"inLanguage\":\"es\"},{\"@type\":\"Organization\",\"@id\":\"https:\/\/barletta.pe\/barletta\/#organization\",\"name\":\"Barletta\",\"url\":\"https:\/\/barletta.pe\/barletta\/\",\"logo\":{\"@type\":\"ImageObject\",\"inLanguage\":\"es\",\"@id\":\"https:\/\/barletta.pe\/barletta\/#\/schema\/logo\/image\/\",\"url\":\"https:\/\/barletta.pe\/barletta\/wp-content\/uploads\/2022\/08\/cropped-LOGO-BARLETTA.png\",\"contentUrl\":\"https:\/\/barletta.pe\/barletta\/wp-content\/uploads\/2022\/08\/cropped-LOGO-BARLETTA.png\",\"width\":82,\"height\":125,\"caption\":\"Barletta\"},\"image\":{\"@id\":\"https:\/\/barletta.pe\/barletta\/#\/schema\/logo\/image\/\"},\"sameAs\":[\"https:\/\/www.facebook.com\/barlettaperu\",\"https:\/\/www.instagram.com\/barlettaperuoficial\/\"]}]}<\/script>\n<!-- \/ Yoast SEO plugin. -->","yoast_head_json":{"title":"Concentrado de Chicha morada Tutto Frutta 1 L - Barletta","robots":{"index":"index","follow":"follow","max-snippet":"max-snippet:-1","max-image-preview":"max-image-preview:large","max-video-preview":"max-video-preview:-1"},"canonical":"https:\/\/barletta.pe\/barletta\/producto\/concentrado-de-chicha-morada-tutto-frutta-1-l\/","og_locale":"es_ES","og_type":"article","og_title":"Concentrado de Chicha morada Tutto Frutta 1 L - Barletta","og_description":"\ud83c\udf47\ud83c\uddf5\ud83c\uddea \u00a1El sabor del Per\u00fa en tu mesa! Con nuestro Concentrado de Chicha Morada Tutto Frutta, solo mezcla, sirve y disfruta.\u00a1Rinde un mont\u00f3n y sabe espectacular! \u2728\ud83e\udd64","og_url":"https:\/\/barletta.pe\/barletta\/producto\/concentrado-de-chicha-morada-tutto-frutta-1-l\/","og_site_name":"Barletta","article_publisher":"https:\/\/www.facebook.com\/barlettaperu","article_modified_time":"2025-06-27T21:21:46+00:00","og_image":[{"width":1080,"height":1080,"url":"https:\/\/barletta.pe\/barletta\/wp-content\/uploads\/2023\/10\/chicha-1L-copia.jpg","type":"image\/jpeg"}],"twitter_card":"summary_large_image","twitter_misc":{"Tiempo de lectura":"1 minuto"},"schema":{"@context":"https:\/\/schema.org","@graph":[{"@type":"WebPage","@id":"https:\/\/barletta.pe\/barletta\/producto\/concentrado-de-chicha-morada-tutto-frutta-1-l\/","url":"https:\/\/barletta.pe\/barletta\/producto\/concentrado-de-chicha-morada-tutto-frutta-1-l\/","name":"Concentrado de Chicha morada Tutto Frutta 1 L - Barletta","isPartOf":{"@id":"https:\/\/barletta.pe\/barletta\/#website"},"primaryImageOfPage":{"@id":"https:\/\/barletta.pe\/barletta\/producto\/concentrado-de-chicha-morada-tutto-frutta-1-l\/#primaryimage"},"image":{"@id":"https:\/\/barletta.pe\/barletta\/producto\/concentrado-de-chicha-morada-tutto-frutta-1-l\/#primaryimage"},"thumbnailUrl":"https:\/\/barletta.pe\/barletta\/wp-content\/uploads\/2023\/10\/chicha-1L-copia.jpg","datePublished":"2023-10-04T14:54:34+00:00","dateModified":"2025-06-27T21:21:46+00:00","breadcrumb":{"@id":"https:\/\/barletta.pe\/barletta\/producto\/concentrado-de-chicha-morada-tutto-frutta-1-l\/#breadcrumb"},"inLanguage":"es","potentialAction":[{"@type":"ReadAction","target":["https:\/\/barletta.pe\/barletta\/producto\/concentrado-de-chicha-morada-tutto-frutta-1-l\/"]}]},{"@type":"ImageObject","inLanguage":"es","@id":"https:\/\/barletta.pe\/barletta\/producto\/concentrado-de-chicha-morada-tutto-frutta-1-l\/#primaryimage","url":"https:\/\/barletta.pe\/barletta\/wp-content\/uploads\/2023\/10\/chicha-1L-copia.jpg","contentUrl":"https:\/\/barletta.pe\/barletta\/wp-content\/uploads\/2023\/10\/chicha-1L-copia.jpg","width":1080,"height":1080},{"@type":"BreadcrumbList","@id":"https:\/\/barletta.pe\/barletta\/producto\/concentrado-de-chicha-morada-tutto-frutta-1-l\/#breadcrumb","itemListElement":[{"@type":"ListItem","position":1,"name":"Portada","item":"https:\/\/barletta.pe\/barletta\/"},{"@type":"ListItem","position":2,"name":"Productos","item":"https:\/\/barletta.pe\/barletta\/productos\/"},{"@type":"ListItem","position":3,"name":"Concentrado de Chicha morada Tutto Frutta 1 L"}]},{"@type":"WebSite","@id":"https:\/\/barletta.pe\/barletta\/#website","url":"https:\/\/barletta.pe\/barletta\/","name":"Barletta","description":"Productos y servicios para el sector alimentario","publisher":{"@id":"https:\/\/barletta.pe\/barletta\/#organization"},"potentialAction":[{"@type":"SearchAction","target":{"@type":"EntryPoint","urlTemplate":"https:\/\/barletta.pe\/barletta\/?s={search_term_string}"},"query-input":{"@type":"PropertyValueSpecification","valueRequired":true,"valueName":"search_term_string"}}],"inLanguage":"es"},{"@type":"Organization","@id":"https:\/\/barletta.pe\/barletta\/#organization","name":"Barletta","url":"https:\/\/barletta.pe\/barletta\/","logo":{"@type":"ImageObject","inLanguage":"es","@id":"https:\/\/barletta.pe\/barletta\/#\/schema\/logo\/image\/","url":"https:\/\/barletta.pe\/barletta\/wp-content\/uploads\/2022\/08\/cropped-LOGO-BARLETTA.png","contentUrl":"https:\/\/barletta.pe\/barletta\/wp-content\/uploads\/2022\/08\/cropped-LOGO-BARLETTA.png","width":82,"height":125,"caption":"Barletta"},"image":{"@id":"https:\/\/barletta.pe\/barletta\/#\/schema\/logo\/image\/"},"sameAs":["https:\/\/www.facebook.com\/barlettaperu","https:\/\/www.instagram.com\/barlettaperuoficial\/"]}]}},"jetpack_sharing_enabled":true,"brands":[{"id":46,"name":"Tuto Frutta","slug":"tuto-frutta"}],"_links":{"self":[{"href":"https:\/\/barletta.pe\/barletta\/wp-json\/wp\/v2\/product\/949","targetHints":{"allow":["GET"]}}],"collection":[{"href":"https:\/\/barletta.pe\/barletta\/wp-json\/wp\/v2\/product"}],"about":[{"href":"https:\/\/barletta.pe\/barletta\/wp-json\/wp\/v2\/types\/product"}],"wp:featuredmedia":[{"embeddable":true,"href":"https:\/\/barletta.pe\/barletta\/wp-json\/wp\/v2\/media\/1036"}],"wp:attachment":[{"href":"https:\/\/barletta.pe\/barletta\/wp-json\/wp\/v2\/media?parent=949"}],"wp:term":[{"taxonomy":"pwb-brand","embeddable":true,"href":"https:\/\/barletta.pe\/barletta\/wp-json\/wp\/v2\/pwb-brand?post=949"},{"taxonomy":"product_brand","embeddable":true,"href":"https:\/\/barletta.pe\/barletta\/wp-json\/wp\/v2\/product_brand?post=949"},{"taxonomy":"product_cat","embeddable":true,"href":"https:\/\/barletta.pe\/barletta\/wp-json\/wp\/v2\/product_cat?post=949"},{"taxonomy":"product_tag","embeddable":true,"href":"https:\/\/barletta.pe\/barletta\/wp-json\/wp\/v2\/product_tag?post=949"}],"curies":[{"name":"wp","href":"https:\/\/api.w.org\/{rel}","templated":true}]}}